{"id":38,"date":"2023-08-31T15:18:14","date_gmt":"2023-08-31T15:18:14","guid":{"rendered":"https:\/\/frankwuyts.be\/?page_id=38"},"modified":"2024-01-04T11:28:25","modified_gmt":"2024-01-04T11:28:25","slug":"jacques-carpentier","status":"publish","type":"page","link":"https:\/\/frankwuyts.be\/index.php\/jacques-carpentier\/","title":{"rendered":"Jacques Carpentier"},"content":{"rendered":"\n<p>Le CD que j&rsquo;ai r\u00e9alis\u00e9 avec Jacques, avec la participation de Jean-Louis Rassinfosse : My one and only loves<\/p>\n\n\n\n<p>Un montage audio avec des extraits se trouve en bas de cette page, si vous \u00eates int\u00e9ress\u00e9s, utilisez \u00ab\u00a0Contact\u00a0\u00bb tout en dessous<\/p>\n\n\n<div class=\"wp-block-image\">\n<figure class=\"aligncenter size-full\"><img loading=\"lazy\" decoding=\"async\" width=\"450\" height=\"330\" src=\"https:\/\/frankwuyts.be\/wp-content\/uploads\/2023\/08\/franketjacques-1.jpg\" alt=\"\" class=\"wp-image-48\" srcset=\"https:\/\/frankwuyts.be\/wp-content\/uploads\/2023\/08\/franketjacques-1.jpg 450w, https:\/\/frankwuyts.be\/wp-content\/uploads\/2023\/08\/franketjacques-1-300x220.jpg 300w\" sizes=\"auto, (max-width: 450px) 100vw, 450px\" \/><\/figure><\/div>\n\n\n<figure class=\"wp-block-image size-full\"><img loading=\"lazy\" decoding=\"async\" width=\"994\" height=\"433\" src=\"https:\/\/frankwuyts.be\/wp-content\/uploads\/2023\/08\/pochette.jpg\" alt=\"\" class=\"wp-image-39\" srcset=\"https:\/\/frankwuyts.be\/wp-content\/uploads\/2023\/08\/pochette.jpg 994w, https:\/\/frankwuyts.be\/wp-content\/uploads\/2023\/08\/pochette-300x131.jpg 300w, https:\/\/frankwuyts.be\/wp-content\/uploads\/2023\/08\/pochette-768x335.jpg 768w, https:\/\/frankwuyts.be\/wp-content\/uploads\/2023\/08\/pochette-676x294.jpg 676w\" sizes=\"auto, (max-width: 994px) 100vw, 994px\" \/><\/figure>\n\n\n<div class=\"wp-block-image\">\n<figure class=\"aligncenter size-full is-resized\"><img loading=\"lazy\" decoding=\"async\" width=\"300\" height=\"300\" src=\"https:\/\/frankwuyts.be\/wp-content\/uploads\/2023\/08\/cd.gif\" alt=\"\" class=\"wp-image-40\" style=\"width:316px;height:316px\"\/><\/figure><\/div>\n\n\n<figure class=\"wp-block-audio\"><audio controls src=\"https:\/\/frankwuyts.be\/wp-content\/uploads\/2023\/08\/moaol-1.mp3\"><\/audio><\/figure>\n\n\n<div class=\"wpforms-container wpforms-container-full wpforms-render-modern\" id=\"wpforms-78\"><form id=\"wpforms-form-78\" class=\"wpforms-validate wpforms-form wpforms-ajax-form\" data-formid=\"78\" method=\"post\" enctype=\"multipart\/form-data\" action=\"\/index.php\/wp-json\/wp\/v2\/pages\/38\" data-token=\"16104ed70eb226f726dccaddf59d98fb\" data-token-time=\"1777036536\"><noscript class=\"wpforms-error-noscript\">Veuillez activer JavaScript dans votre navigateur pour remplir ce formulaire.<\/noscript><div id=\"wpforms-error-noscript\" style=\"display: none;\">Veuillez activer JavaScript dans votre navigateur pour remplir ce formulaire.<\/div><div class=\"wpforms-field-container\"><div id=\"wpforms-78-field_0-container\" class=\"wpforms-field wpforms-field-name\" data-field-id=\"0\"><fieldset><legend class=\"wpforms-field-label\">Nom <span class=\"wpforms-required-label\" aria-hidden=\"true\">*<\/span><\/legend><div class=\"wpforms-field-row wpforms-field-medium\"><div class=\"wpforms-field-row-block wpforms-first wpforms-one-half\"><input type=\"text\" id=\"wpforms-78-field_0\" class=\"wpforms-field-name-first wpforms-field-required\" name=\"wpforms[fields][0][first]\" aria-errormessage=\"wpforms-78-field_0-error\" required><label for=\"wpforms-78-field_0\" class=\"wpforms-field-sublabel after\">Pr\u00e9nom<\/label><\/div><div class=\"wpforms-field-row-block wpforms-one-half\"><input type=\"text\" id=\"wpforms-78-field_0-last\" class=\"wpforms-field-name-last wpforms-field-required\" name=\"wpforms[fields][0][last]\" aria-errormessage=\"wpforms-78-field_0-last-error\" required><label for=\"wpforms-78-field_0-last\" class=\"wpforms-field-sublabel after\">Nom<\/label><\/div><\/div><\/fieldset><\/div><div id=\"wpforms-78-field_1-container\" class=\"wpforms-field wpforms-field-email\" data-field-id=\"1\"><label class=\"wpforms-field-label\" for=\"wpforms-78-field_1\">E-mail <span class=\"wpforms-required-label\" aria-hidden=\"true\">*<\/span><\/label><input type=\"email\" id=\"wpforms-78-field_1\" class=\"wpforms-field-medium wpforms-field-required\" name=\"wpforms[fields][1]\" spellcheck=\"false\" aria-errormessage=\"wpforms-78-field_1-error\" required><\/div><div id=\"wpforms-78-field_2-container\" class=\"wpforms-field wpforms-field-textarea\" data-field-id=\"2\"><label class=\"wpforms-field-label\" for=\"wpforms-78-field_2\">Commentaire ou message<\/label><textarea id=\"wpforms-78-field_2\" class=\"wpforms-field-medium\" name=\"wpforms[fields][2]\" aria-errormessage=\"wpforms-78-field_2-error\" ><\/textarea><\/div><\/div><!-- .wpforms-field-container --><div class=\"wpforms-submit-container\" ><input type=\"hidden\" name=\"wpforms[id]\" value=\"78\"><input type=\"hidden\" name=\"page_title\" value=\"\"><input type=\"hidden\" name=\"page_url\" value=\"https:\/\/frankwuyts.be\/index.php\/wp-json\/wp\/v2\/pages\/38\"><input type=\"hidden\" name=\"url_referer\" value=\"\"><button type=\"submit\" name=\"wpforms[submit]\" id=\"wpforms-submit-78\" class=\"wpforms-submit\" data-alt-text=\"Envoi...\" data-submit-text=\"Envoyer\" aria-live=\"assertive\" value=\"wpforms-submit\">Envoyer<\/button><img loading=\"lazy\" decoding=\"async\" src=\"https:\/\/frankwuyts.be\/wp-content\/plugins\/wpforms-lite\/assets\/images\/submit-spin.svg\" class=\"wpforms-submit-spinner\" style=\"display: none;\" width=\"26\" height=\"26\" alt=\"Chargement en cours\"><\/div><\/form><\/div>  <!-- .wpforms-container -->\n","protected":false},"excerpt":{"rendered":"<p>Le CD que j&rsquo;ai r\u00e9alis\u00e9 avec Jacques, avec la participation de Jean-Louis Rassinfosse : My one and only loves Un montage audio avec des extraits se trouve en bas de cette page, si vous \u00eates int\u00e9ress\u00e9s, utilisez \u00ab\u00a0Contact\u00a0\u00bb tout en dessous<\/p>\n","protected":false},"author":1,"featured_media":0,"parent":0,"menu_order":0,"comment_status":"closed","ping_status":"closed","template":"","meta":{"footnotes":""},"class_list":["post-38","page","type-page","status-publish","hentry","post-preview"],"_links":{"self":[{"href":"https:\/\/frankwuyts.be\/index.php\/wp-json\/wp\/v2\/pages\/38","targetHints":{"allow":["GET"]}}],"collection":[{"href":"https:\/\/frankwuyts.be\/index.php\/wp-json\/wp\/v2\/pages"}],"about":[{"href":"https:\/\/frankwuyts.be\/index.php\/wp-json\/wp\/v2\/types\/page"}],"author":[{"embeddable":true,"href":"https:\/\/frankwuyts.be\/index.php\/wp-json\/wp\/v2\/users\/1"}],"replies":[{"embeddable":true,"href":"https:\/\/frankwuyts.be\/index.php\/wp-json\/wp\/v2\/comments?post=38"}],"version-history":[{"count":6,"href":"https:\/\/frankwuyts.be\/index.php\/wp-json\/wp\/v2\/pages\/38\/revisions"}],"predecessor-version":[{"id":83,"href":"https:\/\/frankwuyts.be\/index.php\/wp-json\/wp\/v2\/pages\/38\/revisions\/83"}],"wp:attachment":[{"href":"https:\/\/frankwuyts.be\/index.php\/wp-json\/wp\/v2\/media?parent=38"}],"curies":[{"name":"wp","href":"https:\/\/api.w.org\/{rel}","templated":true}]}}